{"id":260,"date":"2024-02-26T10:13:33","date_gmt":"2024-02-26T09:13:33","guid":{"rendered":"https:\/\/neem.afa-multimedia.fr\/publications\/"},"modified":"2024-03-11T16:22:39","modified_gmt":"2024-03-11T15:22:39","slug":"publications","status":"publish","type":"page","link":"https:\/\/neem.fr\/en\/publications\/","title":{"rendered":"Publications"},"content":{"rendered":"\n<p><\/p>\n\n\n\n<div class=\"wp-block-group bloc-home\"><div class=\"wp-block-group__inner-container is-layout-constrained wp-block-group-is-layout-constrained\">\n<h2 class=\"wp-block-heading has-text-align-center\">NEEM.FR<\/h2>\n\n\n\n<hr class=\"wp-block-separator has-alpha-channel-opacity is-style-wide\"\/>\n\n\n\n<p><\/p>\n\n\n\n<p class=\"has-text-align-center\">Neem.fr is a website for nature enthusiasts actively supporting the development of Neem. Our goal is to facilitate information for the public and professionals to draw attention to the many possible applications of Neem.<\/p>\n<\/div><\/div>\n\n\n\n<h4 class=\"wp-block-heading\">Publications<\/h4>\n\n\n\n<p class=\"has-medium-font-size\"><strong>Bibliography of Useful Plants of the World<\/strong><br>Author : Wikipedia, Useful plant. Language : French<br>Link : <a href=\"https:\/\/fr.wikipedia.org\/wiki\/Plante_utile\" target=\"_blank\" rel=\"noreferrer noopener\">https:\/\/fr.wikipedia.org\/wiki\/Plante_utile<\/a><\/p>\n\n\n\n<p><\/p>\n\n\n\n<hr class=\"wp-block-separator alignwide has-alpha-channel-opacity is-style-dots\"\/>\n\n\n\n<p><\/p>\n\n\n\n<p class=\"has-medium-font-size\"><strong>Biological Activities and Medicinal Properties of Neem:<\/strong><br>Authors: Kausik Biswas, Ishita Chattopadhyay, Ranajit K. Banerjee* and Uday Bandyopadhyay. Department of Physiology, Indian Institute of Chemical Biology. Language: English<br>Link : <a href=\"https:\/\/pubmed.ncbi.nlm.nih.gov\/15777222\" target=\"_blank\" rel=\"noreferrer noopener\">https:\/\/pubmed.ncbi.nlm.nih.gov\/15777222<\/a><\/p>\n\n\n\n<p><\/p>\n\n\n\n<hr class=\"wp-block-separator has-alpha-channel-opacity is-style-dots\"\/>\n\n\n\n<p><\/p>\n\n\n\n<p class=\"has-medium-font-size\"><strong>Study of Neem fruit development stages:<\/strong><br>Author: Obl\u00e9 NEYA Bobo Dioulasso Polytechnic University, Rural Development Institute. Language: French<br>Link : <a href=\"http:\/\/doc-developpement-durable.org\/file\/Culture\/Arbres-Bois-de-Rapport-Reforestation\/FICHES_ARBRES\/Neem-Azadirachta%20indica\/Etude%20des%20stades%20de%20developpement%20des%20fruits%20de%20neem.pdf\" target=\"_blank\" rel=\"noreferrer noopener\">http:\/\/doc-developpement-durable.org\/file\/Culture\/Arbres-Bois-de-Rapport-Reforestation\/FICHES_ARBRES\/Neem-Azadirachta<\/a><\/p>\n\n\n\n<p><\/p>\n\n\n\n<hr class=\"wp-block-separator has-alpha-channel-opacity is-style-dots\"\/>\n\n\n\n<p><\/p>\n\n\n\n<p class=\"has-medium-font-size\"><strong>Neem adopted by farmers in Burkina Faso :<\/strong><br>Authors: Babou Andr\u00e9 Bationo1, Barth\u00e9l\u00e9my Yelemou, Sibiri Jean Ouedraogo. Tropical Woods and Forests File No. 282. Language: French<br>Link : <a href=\"https:\/\/www.doc-developpement-durable.org\/file\/Culture\/Arbres-Bois-de-Rapport-Reforestation\/FICHES_ARBRES\/Neem-Azadirachta%20indica\/neem%20esp%C3%A8ce%20exotique%20adopt%C3%A9e%20par%20paysans%20centre-ouest%20Burkina%20Faso.pdf\" target=\"_blank\" rel=\"noreferrer noopener\">https:\/\/www.doc-developpement-durable.org\/file\/Culture\/Arbres-Bois-de-Rapport-Reforestation\/FICHES_ARBRES\/Neem-Azadirachta%20indica\/neem<\/a><\/p>\n\n\n\n<p><\/p>\n\n\n\n<hr class=\"wp-block-separator has-alpha-channel-opacity is-style-dots\"\/>\n\n\n\n<p><\/p>\n\n\n\n<p class=\"has-medium-font-size\"><strong>Neem against insects and diseases : <\/strong><br>Authors: Andr\u00e9 B\u00e9langer and Thadd\u00e9e Musabyimana. Agriculture and Agri-Food Canada, Horticulture Research and Development Centre. Language: French<br>Link : <a href=\"https:\/\/www.agrireseau.net\/legumeschamp\/documents\/63743\/le-neem-contre-les-insectes-et-les-maladies\" target=\"_blank\" rel=\"noreferrer noopener\">https:\/\/www.agrireseau.net\/legumeschamp\/documents\/63743\/le-neem-contre-les-insectes-et-les-maladies<\/a><\/p>\n\n\n\n<p><\/p>\n\n\n\n<div class=\"wp-block-group\"><div class=\"wp-block-group__inner-container is-layout-constrained wp-block-group-is-layout-constrained\">\n<div class=\"wp-block-columns is-layout-flex wp-container-core-columns-is-layout-9d6595d7 wp-block-columns-is-layout-flex\">\n<div class=\"wp-block-column blocfooter1 is-layout-flow wp-block-column-is-layout-flow\" style=\"flex-basis:30%\">\n<h2 class=\"wp-block-heading has-text-align-center has-large-font-size\">About Neem<\/h2>\n\n\n\n<p class=\"has-text-align-center has-medium-font-size\">In Brazil, all fruit and vegetable producers, as well as agricultural product distributors, are familiar with Neem, a commonly used product since 2001, especially for animals and agriculture.<\/p>\n<\/div>\n\n\n\n<div class=\"wp-block-column blocfooter2 is-layout-flow wp-block-column-is-layout-flow\" style=\"flex-basis:30%\">\n<h2 class=\"wp-block-heading has-text-align-center has-large-font-size\">The Organic Alternative<\/h2>\n\n\n\n<p class=\"has-text-align-center has-medium-font-size\">Azadirachtin-A, naturally present in Neem, effectively fights against a large number of pests. Over the last 25 years, entomologists have isolated more than 400 different species\u2026<\/p>\n<\/div>\n\n\n\n<div class=\"wp-block-column blocfooter3 is-layout-flow wp-block-column-is-layout-flow\" style=\"flex-basis:40%\">\n<h2 class=\"wp-block-heading has-text-align-center has-large-font-size\">Did You Know ?<\/h2>\n\n\n\n<p class=\"has-text-align-center has-medium-font-size\">At maturity, the Neem tree can produce up to 50kg of fruit, which is equivalent to 30kg of seeds; these seeds are the main source of insecticidal compounds, including azadirachtin. However, the quantity of azadirachtin in the seeds varies considerably depending on climatic conditions, soil conditions, and the tree&#8217;s genotype (Ermel 1986; Singh 1986).<\/p>\n<\/div>\n<\/div>\n<\/div><\/div>\n","protected":false},"excerpt":{"rendered":"<p>Publications Bibliography of Useful Plants of the WorldAuthor : Wikipedia, Useful plant. Language : FrenchLink : https:\/\/fr.wikipedia.org\/wiki\/Plante_utile Biological Activities and Medicinal Properties of Neem:Authors: Kausik Biswas, Ishita Chattopadhyay, Ranajit K. Banerjee* and Uday Bandyopadhyay. Department of Physiology, Indian Institute of Chemical Biology. Language: EnglishLink : https:\/\/pubmed.ncbi.nlm.nih.gov\/15777222 Study of Neem fruit development stages:Author: Obl\u00e9 NEYA Bobo [&hellip;]<\/p>\n","protected":false},"author":1,"featured_media":0,"parent":0,"menu_order":0,"comment_status":"closed","ping_status":"closed","template":"","meta":{"_themeisle_gutenberg_block_has_review":false,"footnotes":""},"class_list":["post-260","page","type-page","status-publish","hentry"],"yoast_head":"<!-- This site is optimized with the Yoast SEO plugin v22.4 - https:\/\/yoast.com\/wordpress\/plugins\/seo\/ -->\n<title>Publications -<\/title>\n<meta name=\"robots\" content=\"noindex, follow, max-snippet:-1, max-image-preview:large, max-video-preview:-1\" \/>\n<meta property=\"og:locale\" content=\"en_US\" \/>\n<meta property=\"og:type\" content=\"article\" \/>\n<meta property=\"og:title\" content=\"Publications -\" \/>\n<meta property=\"og:description\" content=\"Publications Bibliography of Useful Plants of the WorldAuthor : Wikipedia, Useful plant. Language : FrenchLink : https:\/\/fr.wikipedia.org\/wiki\/Plante_utile Biological Activities and Medicinal Properties of Neem:Authors: Kausik Biswas, Ishita Chattopadhyay, Ranajit K. Banerjee* and Uday Bandyopadhyay. Department of Physiology, Indian Institute of Chemical Biology. Language: EnglishLink : https:\/\/pubmed.ncbi.nlm.nih.gov\/15777222 Study of Neem fruit development stages:Author: Obl\u00e9 NEYA Bobo [&hellip;]\" \/>\n<meta property=\"og:url\" content=\"https:\/\/neem.fr\/en\/publications\/\" \/>\n<meta property=\"article:modified_time\" content=\"2024-03-11T15:22:39+00:00\" \/>\n<meta name=\"twitter:card\" content=\"summary_large_image\" \/>\n<meta name=\"twitter:label1\" content=\"Est. reading time\" \/>\n\t<meta name=\"twitter:data1\" content=\"1 minute\" \/>\n<script type=\"application\/ld+json\" class=\"yoast-schema-graph\">{\"@context\":\"https:\/\/schema.org\",\"@graph\":[{\"@type\":\"WebPage\",\"@id\":\"https:\/\/neem.fr\/en\/publications\/\",\"url\":\"https:\/\/neem.fr\/en\/publications\/\",\"name\":\"Publications -\",\"isPartOf\":{\"@id\":\"https:\/\/neem.fr\/#website\"},\"datePublished\":\"2024-02-26T09:13:33+00:00\",\"dateModified\":\"2024-03-11T15:22:39+00:00\",\"breadcrumb\":{\"@id\":\"https:\/\/neem.fr\/en\/publications\/#breadcrumb\"},\"inLanguage\":\"en-US\",\"potentialAction\":[{\"@type\":\"ReadAction\",\"target\":[\"https:\/\/neem.fr\/en\/publications\/\"]}]},{\"@type\":\"BreadcrumbList\",\"@id\":\"https:\/\/neem.fr\/en\/publications\/#breadcrumb\",\"itemListElement\":[{\"@type\":\"ListItem\",\"position\":1,\"name\":\"Accueil\",\"item\":\"https:\/\/neem.fr\/en\/\"},{\"@type\":\"ListItem\",\"position\":2,\"name\":\"Publications\"}]},{\"@type\":\"WebSite\",\"@id\":\"https:\/\/neem.fr\/#website\",\"url\":\"https:\/\/neem.fr\/\",\"name\":\"\",\"description\":\"\",\"potentialAction\":[{\"@type\":\"SearchAction\",\"target\":{\"@type\":\"EntryPoint\",\"urlTemplate\":\"https:\/\/neem.fr\/?s={search_term_string}\"},\"query-input\":\"required name=search_term_string\"}],\"inLanguage\":\"en-US\"}]}<\/script>\n<!-- \/ Yoast SEO plugin. -->","yoast_head_json":{"title":"Publications -","robots":{"index":"noindex","follow":"follow","max-snippet":"max-snippet:-1","max-image-preview":"max-image-preview:large","max-video-preview":"max-video-preview:-1"},"og_locale":"en_US","og_type":"article","og_title":"Publications -","og_description":"Publications Bibliography of Useful Plants of the WorldAuthor : Wikipedia, Useful plant. Language : FrenchLink : https:\/\/fr.wikipedia.org\/wiki\/Plante_utile Biological Activities and Medicinal Properties of Neem:Authors: Kausik Biswas, Ishita Chattopadhyay, Ranajit K. Banerjee* and Uday Bandyopadhyay. Department of Physiology, Indian Institute of Chemical Biology. Language: EnglishLink : https:\/\/pubmed.ncbi.nlm.nih.gov\/15777222 Study of Neem fruit development stages:Author: Obl\u00e9 NEYA Bobo [&hellip;]","og_url":"https:\/\/neem.fr\/en\/publications\/","article_modified_time":"2024-03-11T15:22:39+00:00","twitter_card":"summary_large_image","twitter_misc":{"Est. reading time":"1 minute"},"schema":{"@context":"https:\/\/schema.org","@graph":[{"@type":"WebPage","@id":"https:\/\/neem.fr\/en\/publications\/","url":"https:\/\/neem.fr\/en\/publications\/","name":"Publications -","isPartOf":{"@id":"https:\/\/neem.fr\/#website"},"datePublished":"2024-02-26T09:13:33+00:00","dateModified":"2024-03-11T15:22:39+00:00","breadcrumb":{"@id":"https:\/\/neem.fr\/en\/publications\/#breadcrumb"},"inLanguage":"en-US","potentialAction":[{"@type":"ReadAction","target":["https:\/\/neem.fr\/en\/publications\/"]}]},{"@type":"BreadcrumbList","@id":"https:\/\/neem.fr\/en\/publications\/#breadcrumb","itemListElement":[{"@type":"ListItem","position":1,"name":"Accueil","item":"https:\/\/neem.fr\/en\/"},{"@type":"ListItem","position":2,"name":"Publications"}]},{"@type":"WebSite","@id":"https:\/\/neem.fr\/#website","url":"https:\/\/neem.fr\/","name":"","description":"","potentialAction":[{"@type":"SearchAction","target":{"@type":"EntryPoint","urlTemplate":"https:\/\/neem.fr\/?s={search_term_string}"},"query-input":"required name=search_term_string"}],"inLanguage":"en-US"}]}},"_links":{"self":[{"href":"https:\/\/neem.fr\/en\/wp-json\/wp\/v2\/pages\/260","targetHints":{"allow":["GET"]}}],"collection":[{"href":"https:\/\/neem.fr\/en\/wp-json\/wp\/v2\/pages"}],"about":[{"href":"https:\/\/neem.fr\/en\/wp-json\/wp\/v2\/types\/page"}],"author":[{"embeddable":true,"href":"https:\/\/neem.fr\/en\/wp-json\/wp\/v2\/users\/1"}],"replies":[{"embeddable":true,"href":"https:\/\/neem.fr\/en\/wp-json\/wp\/v2\/comments?post=260"}],"version-history":[{"count":2,"href":"https:\/\/neem.fr\/en\/wp-json\/wp\/v2\/pages\/260\/revisions"}],"predecessor-version":[{"id":333,"href":"https:\/\/neem.fr\/en\/wp-json\/wp\/v2\/pages\/260\/revisions\/333"}],"wp:attachment":[{"href":"https:\/\/neem.fr\/en\/wp-json\/wp\/v2\/media?parent=260"}],"curies":[{"name":"wp","href":"https:\/\/api.w.org\/{rel}","templated":true}]}}